{"id":126,"date":"2025-09-19T19:43:34","date_gmt":"2025-09-19T19:43:34","guid":{"rendered":"http:\/\/alice40ans.fr\/?page_id=126"},"modified":"2025-10-13T07:31:59","modified_gmt":"2025-10-13T07:31:59","slug":"informations","status":"publish","type":"page","link":"https:\/\/alice40ans.fr\/?page_id=126","title":{"rendered":"Informations"},"content":{"rendered":"\n<p><\/p>\n\n\n\n<h2 class=\"wp-block-heading has-text-align-center has-text-color has-link-color wp-elements-30a50fbdec1de07aab2def1486f0d724\" style=\"color:#be9cc7\">LES LIEUX<\/h2>\n\n\n\n<div class=\"wp-block-columns is-layout-flex wp-container-core-columns-is-layout-28f84493 wp-block-columns-is-layout-flex\">\n<div class=\"wp-block-column is-layout-flow wp-block-column-is-layout-flow\" style=\"flex-basis:66.66%\">\n<p class=\"has-text-align-center has-border-color has-text-color has-background has-link-color wp-elements-62da8dad04efcb710d92bdcb7487b87b\" style=\"border-color:#000000;color:#e3bad5;background-color:#211a44;font-size:clamp(17.905px, 1.119rem + ((1vw - 3.2px) * 1.147), 28px);\">Le Ch\u00e2teau de Bauduen<br>60 Rue Grande 83630 Bauduen<\/p>\n\n\n\n<figure class=\"wp-block-image size-large\"><img loading=\"lazy\" decoding=\"async\" width=\"1024\" height=\"430\" src=\"http:\/\/alice40ans.fr\/wp-content\/uploads\/2025\/09\/126-region-bauduen-1600x672-1-1024x430.jpg\" alt=\"\" class=\"wp-image-230\" srcset=\"https:\/\/alice40ans.fr\/wp-content\/uploads\/2025\/09\/126-region-bauduen-1600x672-1-1024x430.jpg 1024w, https:\/\/alice40ans.fr\/wp-content\/uploads\/2025\/09\/126-region-bauduen-1600x672-1-300x126.jpg 300w, https:\/\/alice40ans.fr\/wp-content\/uploads\/2025\/09\/126-region-bauduen-1600x672-1-768x323.jpg 768w, https:\/\/alice40ans.fr\/wp-content\/uploads\/2025\/09\/126-region-bauduen-1600x672-1-1536x645.jpg 1536w, https:\/\/alice40ans.fr\/wp-content\/uploads\/2025\/09\/126-region-bauduen-1600x672-1.jpg 1600w\" sizes=\"auto, (max-width: 1024px) 100vw, 1024px\" \/><\/figure>\n<\/div>\n\n\n\n<div class=\"wp-block-column is-layout-flow wp-block-column-is-layout-flow\" style=\"flex-basis:33.33%\">\n<figure class=\"wp-block-image size-full\"><img loading=\"lazy\" decoding=\"async\" width=\"1024\" height=\"800\" src=\"http:\/\/alice40ans.fr\/wp-content\/uploads\/2025\/09\/gite-mf-chateau-gd1.jpg\" alt=\"\" class=\"wp-image-229\" srcset=\"https:\/\/alice40ans.fr\/wp-content\/uploads\/2025\/09\/gite-mf-chateau-gd1.jpg 1024w, https:\/\/alice40ans.fr\/wp-content\/uploads\/2025\/09\/gite-mf-chateau-gd1-300x234.jpg 300w, https:\/\/alice40ans.fr\/wp-content\/uploads\/2025\/09\/gite-mf-chateau-gd1-768x600.jpg 768w\" sizes=\"auto, (max-width: 1024px) 100vw, 1024px\" \/><\/figure>\n\n\n\n<p class=\"has-text-align-center has-border-color has-text-color has-background has-link-color wp-elements-83c5a7d5e8f105b912609b7b6805d4df\" style=\"border-color:#000000;color:#e3bad5;background-color:#211a44;font-size:clamp(16.834px, 1.052rem + ((1vw - 3.2px) * 1.042), 26px);\"><a href=\"https:\/\/chateaudebauduen.fr\/\" data-type=\"link\" data-id=\"https:\/\/chateaudebauduen.fr\/\">SITE DU CH\u00c2TEAU DE BAUDUEN<\/a><\/p>\n<\/div>\n<\/div>\n\n\n\n<p><\/p>\n\n\n\n<h2 class=\"wp-block-heading has-text-align-center has-text-color has-link-color wp-elements-1facb719b8dcaa50f25f64ecf2c05f50\" style=\"color:#be9cc7\"><br>LES FESTIVIT\u00c9S <\/h2>\n\n\n\n<div class=\"wp-block-columns is-layout-flex wp-container-core-columns-is-layout-28f84493 wp-block-columns-is-layout-flex\">\n<div class=\"wp-block-column is-layout-flow wp-block-column-is-layout-flow\" style=\"flex-basis:33.33%\">\n<figure class=\"wp-block-image aligncenter size-full is-resized\"><img loading=\"lazy\" decoding=\"async\" width=\"192\" height=\"144\" src=\"http:\/\/alice40ans.fr\/wp-content\/uploads\/2025\/09\/508724654_10237147670811035_814452993420991163_n-removebg-preview-2-edited.png\" alt=\"\" class=\"wp-image-235\" style=\"width:242px;height:auto\"\/><\/figure>\n\n\n\n<figure class=\"wp-block-image aligncenter size-full\"><img loading=\"lazy\" decoding=\"async\" width=\"416\" height=\"278\" src=\"http:\/\/alice40ans.fr\/wp-content\/uploads\/2025\/09\/86_douaniers_-_Fayence013_edit_345785995556790-removebg-preview-edited.png\" alt=\"\" class=\"wp-image-237\" srcset=\"https:\/\/alice40ans.fr\/wp-content\/uploads\/2025\/09\/86_douaniers_-_Fayence013_edit_345785995556790-removebg-preview-edited.png 416w, https:\/\/alice40ans.fr\/wp-content\/uploads\/2025\/09\/86_douaniers_-_Fayence013_edit_345785995556790-removebg-preview-edited-300x200.png 300w\" sizes=\"auto, (max-width: 416px) 100vw, 416px\" \/><\/figure>\n<\/div>\n\n\n\n<div class=\"wp-block-column is-layout-flow wp-block-column-is-layout-flow\" style=\"font-size:clamp(14px, 0.875rem + ((1vw - 3.2px) * 0.682), 20px);flex-basis:66.66%\">\n<p class=\"has-text-align-left has-border-color has-text-color has-background has-link-color wp-elements-b3051ea96a4794a516c8a939a966be64\" style=\"border-color:#000000;color:#e3bad5;background-color:#211a44;font-size:clamp(15.197px, 0.95rem + ((1vw - 3.2px) * 0.887), 23px);\">Le week-end du 30 et 31 mai 2026<br>Sont pr\u00e9vues :<br>&#8211; Le repas de samedi midi<br>&#8211; Le repas de samedi soir<br>&#8211; La nuit de samedi en dortoirs*<br>&#8211; Le petit-d\u00e9jeuner de dimanche matin<br>&#8211; Je compte organiser un pique nique le dimanche midi si des gens souhaites rester.<br>*(possibilit\u00e9 d&rsquo;avoir une chambre solo avec un suppl\u00e9ment de 20\u20ac)<\/p>\n<\/div>\n<\/div>\n\n\n\n<p><\/p>\n\n\n\n<p><\/p>\n\n\n\n<h2 class=\"wp-block-heading has-text-align-center has-text-color has-link-color wp-elements-2db5e02c3ce407750c517ce824f46c9c\" style=\"color:#be9cc7\"><br>LE TH\u00c8ME ROCK<\/h2>\n\n\n\n<div class=\"wp-block-columns is-layout-flex wp-container-core-columns-is-layout-28f84493 wp-block-columns-is-layout-flex\">\n<div class=\"wp-block-column has-border-color has-text-color has-background has-link-color wp-elements-f0e72180a7ba1dddfb20934d0b13ba84 is-layout-flow wp-block-column-is-layout-flow\" style=\"border-color:#000000;color:#e3bad5;background-color:#211a44;flex-basis:66.66%\">\n<p><\/p>\n\n\n\n<p class=\"has-text-align-center\" style=\"font-size:clamp(16.293px, 1.018rem + ((1vw - 3.2px) * 0.989), 25px);\">Faites vous plaisir ! <\/p>\n\n\n\n<p class=\"has-text-align-center\" style=\"font-size:clamp(16.293px, 1.018rem + ((1vw - 3.2px) * 0.989), 25px);\">Venez en rock star, en danseur de rock, en punk \u00e0 chien ou juste comme vous avez envie.<\/p>\n<\/div>\n\n\n\n<div class=\"wp-block-column is-layout-flow wp-block-column-is-layout-flow\" style=\"flex-basis:33.33%\">\n<figure class=\"wp-block-image aligncenter size-full is-resized\"><img loading=\"lazy\" decoding=\"async\" width=\"392\" height=\"636\" src=\"http:\/\/alice40ans.fr\/wp-content\/uploads\/2025\/09\/WhatsApp_Image_2025-09-26_a_15.38.50_379840f1-removebg-preview.png\" alt=\"\" class=\"wp-image-243\" style=\"width:152px;height:auto\" srcset=\"https:\/\/alice40ans.fr\/wp-content\/uploads\/2025\/09\/WhatsApp_Image_2025-09-26_a_15.38.50_379840f1-removebg-preview.png 392w, https:\/\/alice40ans.fr\/wp-content\/uploads\/2025\/09\/WhatsApp_Image_2025-09-26_a_15.38.50_379840f1-removebg-preview-185x300.png 185w\" sizes=\"auto, (max-width: 392px) 100vw, 392px\" \/><\/figure>\n<\/div>\n<\/div>\n\n\n\n<p><\/p>\n\n\n\n<p><\/p>\n\n\n\n<h2 class=\"wp-block-heading has-text-align-center has-text-color has-link-color wp-elements-cf690c878b51ae84ebc85ff5ea743d21\" style=\"color:#be9cc7\"><br>CADEAUX<\/h2>\n\n\n\n<div class=\"wp-block-columns is-layout-flex wp-container-core-columns-is-layout-28f84493 wp-block-columns-is-layout-flex\">\n<div class=\"wp-block-column is-layout-flow wp-block-column-is-layout-flow\" style=\"flex-basis:33.33%\">\n<figure class=\"wp-block-image aligncenter size-full is-resized\"><img loading=\"lazy\" decoding=\"async\" width=\"500\" height=\"500\" src=\"http:\/\/alice40ans.fr\/wp-content\/uploads\/2025\/09\/468422135_10234782538964217_940581358051150076_n-removebg-preview-2.png\" alt=\"\" class=\"wp-image-252\" style=\"width:213px;height:auto\" srcset=\"https:\/\/alice40ans.fr\/wp-content\/uploads\/2025\/09\/468422135_10234782538964217_940581358051150076_n-removebg-preview-2.png 500w, https:\/\/alice40ans.fr\/wp-content\/uploads\/2025\/09\/468422135_10234782538964217_940581358051150076_n-removebg-preview-2-300x300.png 300w, https:\/\/alice40ans.fr\/wp-content\/uploads\/2025\/09\/468422135_10234782538964217_940581358051150076_n-removebg-preview-2-150x150.png 150w\" sizes=\"auto, (max-width: 500px) 100vw, 500px\" \/><\/figure>\n<\/div>\n\n\n\n<div class=\"wp-block-column is-layout-flow wp-block-column-is-layout-flow\" style=\"flex-basis:66.66%\">\n<p><\/p>\n\n\n\n<p class=\"has-text-align-center has-border-color has-text-color has-background has-link-color wp-elements-01597e98032aa9a7dc8053b1256e57cd\" style=\"border-color:#000000;color:#e3bad5;background-color:#211a44;font-size:clamp(16.293px, 1.018rem + ((1vw - 3.2px) * 0.989), 25px);\">Si vous souhaitez me faire un cadeau <br>(votre pr\u00e9sence est d\u00e9j\u00e0 un cadeau)<br>Je mettrais une urne pour m&rsquo;aider \u00e0 financer ce week-end de f\u00eate.<\/p>\n<\/div>\n<\/div>\n\n\n\n<p><\/p>\n\n\n\n<p><\/p>\n\n\n\n<p><\/p>\n\n\n\n<p><\/p>\n\n\n\n<h2 class=\"wp-block-heading has-text-align-center has-text-color has-link-color wp-elements-012db7be4f193dddff847c6d76d2dccd\" style=\"color:#be9cc7\"> <br>FINALEMENT UN SOUCIS<\/h2>\n\n\n\n<div class=\"wp-block-columns is-layout-flex wp-container-core-columns-is-layout-28f84493 wp-block-columns-is-layout-flex\">\n<div class=\"wp-block-column has-border-color has-text-color has-background has-link-color wp-elements-015f6d284dcaf4ca9401db23249d06e4 is-layout-flow wp-block-column-is-layout-flow\" style=\"border-color:#000000;color:#e3bad5;background-color:#211a44;flex-basis:66.66%\">\n<p><\/p>\n\n\n\n<p class=\"has-text-align-center\" style=\"font-size:clamp(16.293px, 1.018rem + ((1vw - 3.2px) * 0.989), 25px);\">Finalement, vous ne pouvez pas venir ? <br>Une personne en plus ou en moins vous accompagne ?<br>Pas de panique, on va s&rsquo;adapter.<br>Contactez-moi.<\/p>\n<\/div>\n\n\n\n<div class=\"wp-block-column is-layout-flow wp-block-column-is-layout-flow\" style=\"flex-basis:33.33%\">\n<figure class=\"wp-block-image aligncenter size-full is-resized\"><img loading=\"lazy\" decoding=\"async\" width=\"380\" height=\"657\" src=\"http:\/\/alice40ans.fr\/wp-content\/uploads\/2025\/09\/IMG_40184276425841-removebg-preview-1.png\" alt=\"\" class=\"wp-image-247\" style=\"width:152px;height:auto\" srcset=\"https:\/\/alice40ans.fr\/wp-content\/uploads\/2025\/09\/IMG_40184276425841-removebg-preview-1.png 380w, https:\/\/alice40ans.fr\/wp-content\/uploads\/2025\/09\/IMG_40184276425841-removebg-preview-1-174x300.png 174w\" sizes=\"auto, (max-width: 380px) 100vw, 380px\" \/><\/figure>\n<\/div>\n<\/div>\n\n\n\n<p><\/p>\n\n\n\n<p><\/p>\n\n\n\n<p><\/p>\n","protected":false},"excerpt":{"rendered":"<p>LES LIEUX Le Ch\u00e2teau de Bauduen60 Rue Grande 83630 Bauduen SITE DU CH\u00c2TEAU DE BAUDUEN LES FESTIVIT\u00c9S Le week-end du 30 et 31 mai 2026Sont pr\u00e9vues :&#8211; Le repas de samedi midi&#8211; Le repas de samedi soir&#8211; La nuit de samedi en dortoirs*&#8211; Le petit-d\u00e9jeuner de dimanche matin&#8211; Je compte organiser un pique nique le [&hellip;]<\/p>\n","protected":false},"author":1,"featured_media":0,"parent":0,"menu_order":0,"comment_status":"closed","ping_status":"closed","template":"","meta":{"footnotes":""},"class_list":["post-126","page","type-page","status-publish","hentry"],"_links":{"self":[{"href":"https:\/\/alice40ans.fr\/index.php?rest_route=\/wp\/v2\/pages\/126","targetHints":{"allow":["GET"]}}],"collection":[{"href":"https:\/\/alice40ans.fr\/index.php?rest_route=\/wp\/v2\/pages"}],"about":[{"href":"https:\/\/alice40ans.fr\/index.php?rest_route=\/wp\/v2\/types\/page"}],"author":[{"embeddable":true,"href":"https:\/\/alice40ans.fr\/index.php?rest_route=\/wp\/v2\/users\/1"}],"replies":[{"embeddable":true,"href":"https:\/\/alice40ans.fr\/index.php?rest_route=%2Fwp%2Fv2%2Fcomments&post=126"}],"version-history":[{"count":47,"href":"https:\/\/alice40ans.fr\/index.php?rest_route=\/wp\/v2\/pages\/126\/revisions"}],"predecessor-version":[{"id":307,"href":"https:\/\/alice40ans.fr\/index.php?rest_route=\/wp\/v2\/pages\/126\/revisions\/307"}],"wp:attachment":[{"href":"https:\/\/alice40ans.fr\/index.php?rest_route=%2Fwp%2Fv2%2Fmedia&parent=126"}],"curies":[{"name":"wp","href":"https:\/\/api.w.org\/{rel}","templated":true}]}}